{"id":24,"date":"2012-09-24T09:09:52","date_gmt":"2012-09-24T07:09:52","guid":{"rendered":"http:\/\/www.praxis-modus-vivendi.de\/?page_id=24"},"modified":"2021-04-20T13:35:39","modified_gmt":"2021-04-20T11:35:39","slug":"leistungsbeschreibung","status":"publish","type":"page","link":"https:\/\/www.praxis-modus-vivendi.de\/?page_id=24","title":{"rendered":"Leistungsbeschreibung"},"content":{"rendered":"<p><span style=\"color: #000000;\">Die Gemeinschaftspraxis f\u00fcr systemische Therapie und Familienberatung <span style=\"color: #808080;\"><strong><em>modus <\/em><\/strong><\/span><em><span style=\"color: #ff9900;\"><strong>vivendi<\/strong><\/span>&nbsp;<\/em>\u00fcbernimmt Aufgaben im Auftrag des Jugendamtes, die sich aus den \u00a7\u00a7 27 ff. des KJHG ergeben. Dar\u00fcber hinaus arbeiten die der Gemeinschaftspraxis angeh\u00f6rigen TherapeutInnen selbst\u00e4ndig in eigener Praxis.<\/span><\/p>\n<p><span style=\"color: #000000;\">&nbsp;<\/span><\/p>\n<h6 style=\"text-align: right;\"><\/h6>\n","protected":false},"excerpt":{"rendered":"<p>Die Gemeinschaftspraxis f\u00fcr systemische Therapie und Familienberatung modus vivendi&nbsp;\u00fcbernimmt Aufgaben im Auftrag des Jugendamtes, die sich aus den \u00a7\u00a7 27 ff. des KJHG ergeben. Dar\u00fcber &hellip;<\/p>\n","protected":false},"author":1,"featured_media":797,"parent":0,"menu_order":3,"comment_status":"closed","ping_status":"closed","template":"","meta":{"footnotes":""},"jetpack_shortlink":"https:\/\/wp.me\/P2KOP7-o","jetpack_sharing_enabled":true,"_links":{"self":[{"href":"https:\/\/www.praxis-modus-vivendi.de\/index.php?rest_route=\/wp\/v2\/pages\/24"}],"collection":[{"href":"https:\/\/www.praxis-modus-vivendi.de\/index.php?rest_route=\/wp\/v2\/pages"}],"about":[{"href":"https:\/\/www.praxis-modus-vivendi.de\/index.php?rest_route=\/wp\/v2\/types\/page"}],"author":[{"embeddable":true,"href":"https:\/\/www.praxis-modus-vivendi.de\/index.php?rest_route=\/wp\/v2\/users\/1"}],"replies":[{"embeddable":true,"href":"https:\/\/www.praxis-modus-vivendi.de\/index.php?rest_route=%2Fwp%2Fv2%2Fcomments&post=24"}],"version-history":[{"count":25,"href":"https:\/\/www.praxis-modus-vivendi.de\/index.php?rest_route=\/wp\/v2\/pages\/24\/revisions"}],"predecessor-version":[{"id":959,"href":"https:\/\/www.praxis-modus-vivendi.de\/index.php?rest_route=\/wp\/v2\/pages\/24\/revisions\/959"}],"wp:featuredmedia":[{"embeddable":true,"href":"https:\/\/www.praxis-modus-vivendi.de\/index.php?rest_route=\/wp\/v2\/media\/797"}],"wp:attachment":[{"href":"https:\/\/www.praxis-modus-vivendi.de\/index.php?rest_route=%2Fwp%2Fv2%2Fmedia&parent=24"}],"curies":[{"name":"wp","href":"https:\/\/api.w.org\/{rel}","templated":true}]}}