{"id":209,"date":"2012-11-09T20:49:18","date_gmt":"2012-11-09T18:49:18","guid":{"rendered":"http:\/\/www.praxis-modus-vivendi.de\/?page_id=209"},"modified":"2021-04-20T13:36:57","modified_gmt":"2021-04-20T11:36:57","slug":"fur-einzelne","status":"publish","type":"page","link":"https:\/\/www.praxis-modus-vivendi.de\/?page_id=209","title":{"rendered":"F\u00fcr Einzelne"},"content":{"rendered":"<p><span style=\"color: #000000;\">Wir begleiten Sie im Beratungsprozess mit einer annehmenden, empathischen, wertsch\u00e4tzenden und auf Ihre Grenzen achtenden Grundhaltung. In unsere systemische Arbeitsweise flie\u00dfen zus\u00e4tzlich unsere langj\u00e4hrigen p\u00e4dagogischen Kenntnisse ein.<\/span><\/p>\n<p><span style=\"color: #000000;\">Wir arbeiten partnerschaftlich und bleiben dabei trotzdem ein Gegen\u00fcber. <\/span><\/p>\n<p><span style=\"color: #000000;\">Wir reflektieren Ihr Handeln und erarbeiten gemeinsam verschiedene Sichtweisen und m\u00f6gliche neue Perspektiven. <\/span><\/p>\n<p><span style=\"color: #000000;\">Sie k\u00f6nnen Ihr vorhandenes Potential und Ihre Ressourcen besser kennen lernen und st\u00e4rken, wodurch neue L\u00f6sungsans\u00e4tze entstehen k\u00f6nnen.<\/span><\/p>\n<p><span style=\"color: #000000;\">Ihre Themen stehen im Mittelpunkt und Sie als Mensch werden mit Ihren Fragestellungen offen erfasst, nicht beurteilt.<\/span><\/p>\n<h6 style=\"text-align: right;\"><\/h6>\n","protected":false},"excerpt":{"rendered":"<p>Wir begleiten Sie im Beratungsprozess mit einer annehmenden, empathischen, wertsch\u00e4tzenden und auf Ihre Grenzen achtenden Grundhaltung. In unsere systemische Arbeitsweise flie\u00dfen zus\u00e4tzlich unsere langj\u00e4hrigen p\u00e4dagogischen &hellip;<\/p>\n","protected":false},"author":1,"featured_media":797,"parent":24,"menu_order":3,"comment_status":"closed","ping_status":"closed","template":"","meta":{"footnotes":""},"jetpack_shortlink":"https:\/\/wp.me\/P2KOP7-3n","jetpack_sharing_enabled":true,"_links":{"self":[{"href":"https:\/\/www.praxis-modus-vivendi.de\/index.php?rest_route=\/wp\/v2\/pages\/209"}],"collection":[{"href":"https:\/\/www.praxis-modus-vivendi.de\/index.php?rest_route=\/wp\/v2\/pages"}],"about":[{"href":"https:\/\/www.praxis-modus-vivendi.de\/index.php?rest_route=\/wp\/v2\/types\/page"}],"author":[{"embeddable":true,"href":"https:\/\/www.praxis-modus-vivendi.de\/index.php?rest_route=\/wp\/v2\/users\/1"}],"replies":[{"embeddable":true,"href":"https:\/\/www.praxis-modus-vivendi.de\/index.php?rest_route=%2Fwp%2Fv2%2Fcomments&post=209"}],"version-history":[{"count":14,"href":"https:\/\/www.praxis-modus-vivendi.de\/index.php?rest_route=\/wp\/v2\/pages\/209\/revisions"}],"predecessor-version":[{"id":933,"href":"https:\/\/www.praxis-modus-vivendi.de\/index.php?rest_route=\/wp\/v2\/pages\/209\/revisions\/933"}],"up":[{"embeddable":true,"href":"https:\/\/www.praxis-modus-vivendi.de\/index.php?rest_route=\/wp\/v2\/pages\/24"}],"wp:featuredmedia":[{"embeddable":true,"href":"https:\/\/www.praxis-modus-vivendi.de\/index.php?rest_route=\/wp\/v2\/media\/797"}],"wp:attachment":[{"href":"https:\/\/www.praxis-modus-vivendi.de\/index.php?rest_route=%2Fwp%2Fv2%2Fmedia&parent=209"}],"curies":[{"name":"wp","href":"https:\/\/api.w.org\/{rel}","templated":true}]}}