{"id":198,"date":"2012-11-09T18:29:13","date_gmt":"2012-11-09T16:29:13","guid":{"rendered":"http:\/\/www.praxis-modus-vivendi.de\/?page_id=198"},"modified":"2021-04-20T13:36:03","modified_gmt":"2021-04-20T11:36:03","slug":"fur-jugendamter","status":"publish","type":"page","link":"https:\/\/www.praxis-modus-vivendi.de\/?page_id=198","title":{"rendered":"F\u00fcr Jugend\u00e4mter"},"content":{"rendered":"<p><strong><em><span style=\"color: #808080;\">modus<\/span>&nbsp;<span style=\"color: #ff9900;\">vivendi<\/span><\/em><\/strong>&nbsp;&nbsp;<span style=\"color: #000000;\">bietet ambulante flexible Erziehungshilfe in Form von Beratung, Betreuung und Begleitung bez\u00fcglich aller Hilfeformen der im Folgenden aufgef\u00fchrten Paragraphen des&nbsp;SGB VIII&nbsp;(Kinder- und Jugendhilfe) an:<\/span><\/p>\n<p><span style=\"color: #000000;\">\u00a7 27 &#8211; Hilfe zur Erziehung<\/span><\/p>\n<p><span style=\"color: #000000;\">\u00a7 27.2 &#8211; Flexible erzieherische Hilfen (z.B. Aufsuchende Familientherapie)<\/span><\/p>\n<p><span style=\"color: #000000;\">\u00a7 28 &#8211; Erziehungsberatung<\/span><\/p>\n<p><span style=\"color: #000000;\">\u00a7 30 &#8211; Erziehungsbeistand, Betreuungshelfer<\/span><\/p>\n<p><span style=\"color: #000000;\">\u00a7 31 &#8211; Sozialp\u00e4dagogische Familienhilfe<\/span><\/p>\n<p><span style=\"color: #000000;\">\u00a7 35 &#8211; Intensive sozialp\u00e4dagogische Einzelbetreuung<\/span><\/p>\n<p><span style=\"color: #000000;\">\u00a7 35a &#8211; Eingliederungshilfe f\u00fcr seelisch behinderte Kinder und Jugendliche<\/span><\/p>\n<p><span style=\"color: #000000;\">\u00a7 36 &#8211; Mitwirkung, Hilfeplan<\/span><\/p>\n<p><span style=\"color: #000000;\">\u00a7 41 &#8211; Hilfe f\u00fcr junge Vollj\u00e4hrige, Nachbetreuung<\/span><\/p>\n<p><span style=\"color: #000000;\">Ambulante erzieherische Hilfen finden im sozialen Umfeld der Familie bzw. des jungen Menschen statt. Sie haben den Erhalt des sozialen Umfeldes zum Ziel bzw. die Bef\u00e4higung zur eigenst\u00e4ndigen Lebensf\u00fchrung.<\/span><\/p>\n<h6><\/h6>\n","protected":false},"excerpt":{"rendered":"<p>modus&nbsp;vivendi&nbsp;&nbsp;bietet ambulante flexible Erziehungshilfe in Form von Beratung, Betreuung und Begleitung bez\u00fcglich aller Hilfeformen der im Folgenden aufgef\u00fchrten Paragraphen des&nbsp;SGB VIII&nbsp;(Kinder- und Jugendhilfe) an: \u00a7 &hellip;<\/p>\n","protected":false},"author":1,"featured_media":797,"parent":24,"menu_order":1,"comment_status":"closed","ping_status":"closed","template":"","meta":{"footnotes":""},"jetpack_shortlink":"https:\/\/wp.me\/P2KOP7-3c","jetpack_sharing_enabled":true,"_links":{"self":[{"href":"https:\/\/www.praxis-modus-vivendi.de\/index.php?rest_route=\/wp\/v2\/pages\/198"}],"collection":[{"href":"https:\/\/www.praxis-modus-vivendi.de\/index.php?rest_route=\/wp\/v2\/pages"}],"about":[{"href":"https:\/\/www.praxis-modus-vivendi.de\/index.php?rest_route=\/wp\/v2\/types\/page"}],"author":[{"embeddable":true,"href":"https:\/\/www.praxis-modus-vivendi.de\/index.php?rest_route=\/wp\/v2\/users\/1"}],"replies":[{"embeddable":true,"href":"https:\/\/www.praxis-modus-vivendi.de\/index.php?rest_route=%2Fwp%2Fv2%2Fcomments&post=198"}],"version-history":[{"count":15,"href":"https:\/\/www.praxis-modus-vivendi.de\/index.php?rest_route=\/wp\/v2\/pages\/198\/revisions"}],"predecessor-version":[{"id":960,"href":"https:\/\/www.praxis-modus-vivendi.de\/index.php?rest_route=\/wp\/v2\/pages\/198\/revisions\/960"}],"up":[{"embeddable":true,"href":"https:\/\/www.praxis-modus-vivendi.de\/index.php?rest_route=\/wp\/v2\/pages\/24"}],"wp:featuredmedia":[{"embeddable":true,"href":"https:\/\/www.praxis-modus-vivendi.de\/index.php?rest_route=\/wp\/v2\/media\/797"}],"wp:attachment":[{"href":"https:\/\/www.praxis-modus-vivendi.de\/index.php?rest_route=%2Fwp%2Fv2%2Fmedia&parent=198"}],"curies":[{"name":"wp","href":"https:\/\/api.w.org\/{rel}","templated":true}]}}